{"id":4491,"date":"2025-09-08T16:33:06","date_gmt":"2025-09-08T16:33:06","guid":{"rendered":"https:\/\/sapph-pres.co.ke\/?page_id=4491"},"modified":"2025-11-14T08:55:00","modified_gmt":"2025-11-14T08:55:00","slug":"about","status":"publish","type":"page","link":"https:\/\/sapph-pres.co.ke\/nb\/about\/","title":{"rendered":"Om Riara Prestige Apartments"},"content":{"rendered":"<p>Riara Prestige Apartments ligger ideelt til i et fredelig og gr\u00f8nt nabolag, bare noen minutter unna Karen \u2013 et av Nairobis mest eksklusive og sjarmerende omr\u00e5der. Denne f\u00f8rsteklasses beliggenheten gir den perfekte balansen mellom ro og bekvemmelighet, slik at gjestene kan nyte et avslappende opphold samtidig som de har n\u00e6rhet til byens pulserende livsstil.\nBare en kort kj\u00f8retur unna finner du ikoniske attraksjoner som Karen Blixen Museum, Giraffe Centre og David Sheldrick Elephant Sanctuary \u2013 steder du rett og slett m\u00e5 oppleve for \u00e5 f\u00e5 et innblikk i Nairobis kulturelle og naturlige arv.\nFor shopping, matopplevelser og underholdning tilbyr The Hub Karen en opplevelse i verdensklasse \u2013 med alt fra eksklusive restauranter og boutique-butikker til treningssentre og kinoer.<\/p>\n\n\n\n<p><\/p>\n\n\n\n<p>&nbsp;<\/p>\n\n\n\n<figure class=\"wp-block-gallery alignwide has-nested-images columns-default is-cropped wp-block-gallery-1 is-layout-flex wp-block-gallery-is-layout-flex\">\n<figure class=\"wp-block-image size-large\"><img decoding=\"async\" data-id=\"6443\" src=\"https:\/\/sapph-pres.co.ke\/wp-content\/uploads\/2025\/10\/IMG_6896-768x1024.jpg\" alt=\"\" class=\"wp-image-6443\"\/><\/figure>\n\n\n\n<figure class=\"wp-block-image size-large\"><img decoding=\"async\" data-id=\"6444\" src=\"https:\/\/sapph-pres.co.ke\/wp-content\/uploads\/2025\/10\/IMG_6902-768x1024.jpg\" alt=\"\" class=\"wp-image-6444\"\/><\/figure>\n\n\n\n<figure class=\"wp-block-image size-large\"><img decoding=\"async\" data-id=\"6454\" src=\"https:\/\/sapph-pres.co.ke\/wp-content\/uploads\/2025\/10\/IMG_6899-768x1024.jpg\" alt=\"\" class=\"wp-image-6454\"\/><\/figure>\n\n\n\n<figure class=\"wp-block-image size-large\"><img decoding=\"async\" data-id=\"6447\" src=\"https:\/\/sapph-pres.co.ke\/wp-content\/uploads\/2025\/10\/IMG_7106-1024x768.jpg\" alt=\"\" class=\"wp-image-6447\"\/><\/figure>\n\n\n\n<figure class=\"wp-block-image size-large\"><img decoding=\"async\" data-id=\"6446\" src=\"https:\/\/sapph-pres.co.ke\/wp-content\/uploads\/2025\/10\/IMG_7065-1024x768.jpg\" alt=\"\" class=\"wp-image-6446\"\/><\/figure>\n\n\n\n<figure class=\"wp-block-image size-large\"><img decoding=\"async\" data-id=\"6452\" src=\"https:\/\/sapph-pres.co.ke\/wp-content\/uploads\/2025\/10\/IMG_6880-768x1024.jpg\" alt=\"\" class=\"wp-image-6452\"\/><\/figure>\n<\/figure>\n\n\n\n<p>Nabolaget passer ogs\u00e5 perfekt for dem som liker utend\u00f8rsaktiviteter. Gjestene kan starte dagen med en golfrunde p\u00e5 Karen Country Club, utforske skogsstiene i Ngong Road Forest Sanctuary, eller nyte rolige rideturer gjennom det frodige landskapet.\nKveldene tilbringes best p\u00e5 en av de mange koselige kafeene, hage-restaurantene eller takterrassene i omr\u00e5det \u2013 hvor du kan slappe av med god mat eller en forfriskende drink mens du nyter Nairobis milde klima. <\/p>\n\n\n\n<p>Til tross for den rolige beliggenheten tilbyr Riara Prestige Apartments enkel tilgang til hovedveier og viktige servicetilbud, noe som gj\u00f8r det ideelt b\u00e5de for korttidsbes\u00f8k og langtidsopphold. Enten du er i Nairobi for forretninger, fritid \u2013 eller en kombinasjon av begge \u2013 gir denne beliggenheten den perfekte balansen mellom komfort, bekvemmelighet og naturskj\u00f8nnhet.<\/p>","protected":false},"excerpt":{"rendered":"<p>Riara Prestige Apartments are ideally situated in a peaceful, green neighborhood just minutes away from Karen, one of Nairobi\u2019s most exclusive and charming areas. This prime location offers the perfect balance between tranquility and convenience, allowing guests to enjoy a serene stay while remaining close to the city\u2019s vibrant lifestyle. [&hellip;]<\/p>\n","protected":false},"author":2,"featured_media":0,"parent":0,"menu_order":0,"comment_status":"closed","ping_status":"closed","template":"","meta":{"inspiro_page_layout":"narrow","inspiro_hide_title":false,"footnotes":""},"class_list":["post-4491","page","type-page","status-publish","hentry"],"yoast_head":"<!-- This site is optimized with the Yoast SEO plugin v27.4 - https:\/\/yoast.com\/product\/yoast-seo-wordpress\/ -->\n<title>Riara Prestige Apartments, Nairobi (Karen) | Sapphire Prestige<\/title>\n<meta name=\"description\" content=\"Discover Riara Prestige Apartments in Nairobi, a peaceful getaway near Karen. Learn about nearby attractions like the Giraffe Centre.\" \/>\n<meta name=\"robots\" content=\"index, follow, max-snippet:-1, max-image-preview:large, max-video-preview:-1\" \/>\n<link rel=\"canonical\" href=\"https:\/\/sapph-pres.co.ke\/nb\/about\/\" \/>\n<meta property=\"og:locale\" content=\"nb_NO\" \/>\n<meta property=\"og:type\" content=\"article\" \/>\n<meta property=\"og:title\" content=\"Riara Prestige Apartments, Nairobi (Karen) | Sapphire Prestige\" \/>\n<meta property=\"og:description\" content=\"Discover Riara Prestige Apartments in Nairobi, a peaceful getaway near Karen. Learn about nearby attractions like the Giraffe Centre.\" \/>\n<meta property=\"og:url\" content=\"https:\/\/sapph-pres.co.ke\/nb\/about\/\" \/>\n<meta property=\"og:site_name\" content=\"Sapphire Prestige\" \/>\n<meta property=\"article:publisher\" content=\"https:\/\/www.facebook.com\/profile.php?id=61583371791252\" \/>\n<meta property=\"article:modified_time\" content=\"2025-11-14T08:55:00+00:00\" \/>\n<meta property=\"og:image\" content=\"https:\/\/sapph-pres.co.ke\/wp-content\/uploads\/2025\/10\/IMG_6895-e1762443631251.jpg\" \/>\n\t<meta property=\"og:image:width\" content=\"1512\" \/>\n\t<meta property=\"og:image:height\" content=\"1042\" \/>\n\t<meta property=\"og:image:type\" content=\"image\/jpeg\" \/>\n<meta name=\"twitter:card\" content=\"summary_large_image\" \/>\n<meta name=\"twitter:label1\" content=\"Ansl. lesetid\" \/>\n\t<meta name=\"twitter:data1\" content=\"3 minutter\" \/>\n<script type=\"application\/ld+json\" class=\"yoast-schema-graph\">{\"@context\":\"https:\\\/\\\/schema.org\",\"@graph\":[{\"@type\":\"WebPage\",\"@id\":\"https:\\\/\\\/sapph-pres.co.ke\\\/about\\\/\",\"url\":\"https:\\\/\\\/sapph-pres.co.ke\\\/about\\\/\",\"name\":\"Riara Prestige Apartments, Nairobi (Karen) | Sapphire Prestige\",\"isPartOf\":{\"@id\":\"https:\\\/\\\/sapph-pres.co.ke\\\/en\\\/#website\"},\"primaryImageOfPage\":{\"@id\":\"https:\\\/\\\/sapph-pres.co.ke\\\/about\\\/#primaryimage\"},\"image\":{\"@id\":\"https:\\\/\\\/sapph-pres.co.ke\\\/about\\\/#primaryimage\"},\"thumbnailUrl\":\"https:\\\/\\\/sapph-pres.co.ke\\\/wp-content\\\/uploads\\\/2025\\\/10\\\/IMG_6896-768x1024.jpg\",\"datePublished\":\"2025-09-08T16:33:06+00:00\",\"dateModified\":\"2025-11-14T08:55:00+00:00\",\"description\":\"Discover Riara Prestige Apartments in Nairobi, a peaceful getaway near Karen. Learn about nearby attractions like the Giraffe Centre.\",\"breadcrumb\":{\"@id\":\"https:\\\/\\\/sapph-pres.co.ke\\\/about\\\/#breadcrumb\"},\"inLanguage\":\"nb-NO\",\"potentialAction\":[{\"@type\":\"ReadAction\",\"target\":[\"https:\\\/\\\/sapph-pres.co.ke\\\/about\\\/\"]}]},{\"@type\":\"ImageObject\",\"inLanguage\":\"nb-NO\",\"@id\":\"https:\\\/\\\/sapph-pres.co.ke\\\/about\\\/#primaryimage\",\"url\":\"https:\\\/\\\/sapph-pres.co.ke\\\/wp-content\\\/uploads\\\/2025\\\/10\\\/IMG_6896-768x1024.jpg\",\"contentUrl\":\"https:\\\/\\\/sapph-pres.co.ke\\\/wp-content\\\/uploads\\\/2025\\\/10\\\/IMG_6896-768x1024.jpg\"},{\"@type\":\"BreadcrumbList\",\"@id\":\"https:\\\/\\\/sapph-pres.co.ke\\\/about\\\/#breadcrumb\",\"itemListElement\":[{\"@type\":\"ListItem\",\"position\":1,\"name\":\"Home\",\"item\":\"https:\\\/\\\/sapph-pres.co.ke\\\/\"},{\"@type\":\"ListItem\",\"position\":2,\"name\":\"About Riara Prestige Apartments\"}]},{\"@type\":\"WebSite\",\"@id\":\"https:\\\/\\\/sapph-pres.co.ke\\\/en\\\/#website\",\"url\":\"https:\\\/\\\/sapph-pres.co.ke\\\/en\\\/\",\"name\":\"Sapphire Prestige\",\"description\":\"\",\"publisher\":{\"@id\":\"https:\\\/\\\/sapph-pres.co.ke\\\/en\\\/#organization\"},\"potentialAction\":[{\"@type\":\"SearchAction\",\"target\":{\"@type\":\"EntryPoint\",\"urlTemplate\":\"https:\\\/\\\/sapph-pres.co.ke\\\/en\\\/?s={search_term_string}\"},\"query-input\":{\"@type\":\"PropertyValueSpecification\",\"valueRequired\":true,\"valueName\":\"search_term_string\"}}],\"inLanguage\":\"nb-NO\"},{\"@type\":\"Organization\",\"@id\":\"https:\\\/\\\/sapph-pres.co.ke\\\/en\\\/#organization\",\"name\":\"Sapphire Prestige\",\"url\":\"https:\\\/\\\/sapph-pres.co.ke\\\/en\\\/\",\"logo\":{\"@type\":\"ImageObject\",\"inLanguage\":\"nb-NO\",\"@id\":\"https:\\\/\\\/sapph-pres.co.ke\\\/en\\\/#\\\/schema\\\/logo\\\/image\\\/\",\"url\":\"https:\\\/\\\/sapph-pres.co.ke\\\/wp-content\\\/uploads\\\/2026\\\/04\\\/cropped-Sapph-pres-logo.png\",\"contentUrl\":\"https:\\\/\\\/sapph-pres.co.ke\\\/wp-content\\\/uploads\\\/2026\\\/04\\\/cropped-Sapph-pres-logo.png\",\"width\":431,\"height\":108,\"caption\":\"Sapphire Prestige\"},\"image\":{\"@id\":\"https:\\\/\\\/sapph-pres.co.ke\\\/en\\\/#\\\/schema\\\/logo\\\/image\\\/\"},\"sameAs\":[\"https:\\\/\\\/www.facebook.com\\\/profile.php?id=61583371791252\"]}]}<\/script>\n<!-- \/ Yoast SEO plugin. -->","yoast_head_json":{"title":"Riara Prestige Apartments, Nairobi (Karen) | Sapphire Prestige","description":"Discover Riara Prestige Apartments in Nairobi, a peaceful getaway near Karen. Learn about nearby attractions like the Giraffe Centre.","robots":{"index":"index","follow":"follow","max-snippet":"max-snippet:-1","max-image-preview":"max-image-preview:large","max-video-preview":"max-video-preview:-1"},"canonical":"https:\/\/sapph-pres.co.ke\/nb\/about\/","og_locale":"nb_NO","og_type":"article","og_title":"Riara Prestige Apartments, Nairobi (Karen) | Sapphire Prestige","og_description":"Discover Riara Prestige Apartments in Nairobi, a peaceful getaway near Karen. Learn about nearby attractions like the Giraffe Centre.","og_url":"https:\/\/sapph-pres.co.ke\/nb\/about\/","og_site_name":"Sapphire Prestige","article_publisher":"https:\/\/www.facebook.com\/profile.php?id=61583371791252","article_modified_time":"2025-11-14T08:55:00+00:00","og_image":[{"width":1512,"height":1042,"url":"https:\/\/sapph-pres.co.ke\/wp-content\/uploads\/2025\/10\/IMG_6895-e1762443631251.jpg","type":"image\/jpeg"}],"twitter_card":"summary_large_image","twitter_misc":{"Ansl. lesetid":"3 minutter"},"schema":{"@context":"https:\/\/schema.org","@graph":[{"@type":"WebPage","@id":"https:\/\/sapph-pres.co.ke\/about\/","url":"https:\/\/sapph-pres.co.ke\/about\/","name":"Riara Prestige Apartments, Nairobi (Karen) | Sapphire Prestige","isPartOf":{"@id":"https:\/\/sapph-pres.co.ke\/en\/#website"},"primaryImageOfPage":{"@id":"https:\/\/sapph-pres.co.ke\/about\/#primaryimage"},"image":{"@id":"https:\/\/sapph-pres.co.ke\/about\/#primaryimage"},"thumbnailUrl":"https:\/\/sapph-pres.co.ke\/wp-content\/uploads\/2025\/10\/IMG_6896-768x1024.jpg","datePublished":"2025-09-08T16:33:06+00:00","dateModified":"2025-11-14T08:55:00+00:00","description":"Discover Riara Prestige Apartments in Nairobi, a peaceful getaway near Karen. Learn about nearby attractions like the Giraffe Centre.","breadcrumb":{"@id":"https:\/\/sapph-pres.co.ke\/about\/#breadcrumb"},"inLanguage":"nb-NO","potentialAction":[{"@type":"ReadAction","target":["https:\/\/sapph-pres.co.ke\/about\/"]}]},{"@type":"ImageObject","inLanguage":"nb-NO","@id":"https:\/\/sapph-pres.co.ke\/about\/#primaryimage","url":"https:\/\/sapph-pres.co.ke\/wp-content\/uploads\/2025\/10\/IMG_6896-768x1024.jpg","contentUrl":"https:\/\/sapph-pres.co.ke\/wp-content\/uploads\/2025\/10\/IMG_6896-768x1024.jpg"},{"@type":"BreadcrumbList","@id":"https:\/\/sapph-pres.co.ke\/about\/#breadcrumb","itemListElement":[{"@type":"ListItem","position":1,"name":"Home","item":"https:\/\/sapph-pres.co.ke\/"},{"@type":"ListItem","position":2,"name":"About Riara Prestige Apartments"}]},{"@type":"WebSite","@id":"https:\/\/sapph-pres.co.ke\/en\/#website","url":"https:\/\/sapph-pres.co.ke\/en\/","name":"Sapphire Prestige","description":"","publisher":{"@id":"https:\/\/sapph-pres.co.ke\/en\/#organization"},"potentialAction":[{"@type":"SearchAction","target":{"@type":"EntryPoint","urlTemplate":"https:\/\/sapph-pres.co.ke\/en\/?s={search_term_string}"},"query-input":{"@type":"PropertyValueSpecification","valueRequired":true,"valueName":"search_term_string"}}],"inLanguage":"nb-NO"},{"@type":"Organization","@id":"https:\/\/sapph-pres.co.ke\/en\/#organization","name":"Sapphire Prestige","url":"https:\/\/sapph-pres.co.ke\/en\/","logo":{"@type":"ImageObject","inLanguage":"nb-NO","@id":"https:\/\/sapph-pres.co.ke\/en\/#\/schema\/logo\/image\/","url":"https:\/\/sapph-pres.co.ke\/wp-content\/uploads\/2026\/04\/cropped-Sapph-pres-logo.png","contentUrl":"https:\/\/sapph-pres.co.ke\/wp-content\/uploads\/2026\/04\/cropped-Sapph-pres-logo.png","width":431,"height":108,"caption":"Sapphire Prestige"},"image":{"@id":"https:\/\/sapph-pres.co.ke\/en\/#\/schema\/logo\/image\/"},"sameAs":["https:\/\/www.facebook.com\/profile.php?id=61583371791252"]}]}},"_links":{"self":[{"href":"https:\/\/sapph-pres.co.ke\/nb\/wp-json\/wp\/v2\/pages\/4491","targetHints":{"allow":["GET"]}}],"collection":[{"href":"https:\/\/sapph-pres.co.ke\/nb\/wp-json\/wp\/v2\/pages"}],"about":[{"href":"https:\/\/sapph-pres.co.ke\/nb\/wp-json\/wp\/v2\/types\/page"}],"author":[{"embeddable":true,"href":"https:\/\/sapph-pres.co.ke\/nb\/wp-json\/wp\/v2\/users\/2"}],"replies":[{"embeddable":true,"href":"https:\/\/sapph-pres.co.ke\/nb\/wp-json\/wp\/v2\/comments?post=4491"}],"version-history":[{"count":5,"href":"https:\/\/sapph-pres.co.ke\/nb\/wp-json\/wp\/v2\/pages\/4491\/revisions"}],"predecessor-version":[{"id":6932,"href":"https:\/\/sapph-pres.co.ke\/nb\/wp-json\/wp\/v2\/pages\/4491\/revisions\/6932"}],"wp:attachment":[{"href":"https:\/\/sapph-pres.co.ke\/nb\/wp-json\/wp\/v2\/media?parent=4491"}],"curies":[{"name":"wp","href":"https:\/\/api.w.org\/{rel}","templated":true}]}}